{"id":461,"date":"2020-12-23T20:54:38","date_gmt":"2020-12-23T20:54:38","guid":{"rendered":"http:\/\/tecno.scriptrj45.com\/?page_id=461"},"modified":"2021-01-04T21:04:52","modified_gmt":"2021-01-04T21:04:52","slug":"informacion-2","status":"publish","type":"page","link":"http:\/\/tecno.scriptrj45.com\/index.php\/informacion-2\/","title":{"rendered":"Informaci\u00f3n"},"content":{"rendered":"\t\t<div data-elementor-type=\"wp-page\" data-elementor-id=\"461\" class=\"elementor elementor-461\" data-elementor-settings=\"[]\">\n\t\t\t<div class=\"elementor-inner\">\n\t\t\t\t<div class=\"elementor-section-wrap\">\n\t\t\t\t\t\t\t<section class=\"elementor-element elementor-element-b2e4536 elementor-section-boxed elementor-section-height-default elementor-section-height-default elementor-section elementor-top-section\" data-id=\"b2e4536\" data-element_type=\"section\" data-settings=\"{&quot;background_background&quot;:&quot;classic&quot;,&quot;ekit_has_onepagescroll_dot&quot;:&quot;yes&quot;}\">\n\t\t\t\t\t\t<div class=\"elementor-container elementor-column-gap-default\">\n\t\t\t\t<div class=\"elementor-row\">\n\t\t\t\t<div class=\"elementor-element elementor-element-0402de1 elementor-column elementor-col-100 elementor-top-column\" data-id=\"0402de1\" data-element_type=\"column\">\n\t\t\t<div class=\"elementor-column-wrap  elementor-element-populated\">\n\t\t\t\t\t<div class=\"elementor-widget-wrap\">\n\t\t\t\t<div class=\"elementor-element elementor-element-1ce4555 elementor-widget elementor-widget-heading\" data-id=\"1ce4555\" data-element_type=\"widget\" data-widget_type=\"heading.default\">\n\t\t\t\t<div class=\"elementor-widget-container\">\n\t\t\t<h3 class=\"elementor-heading-title elementor-size-default\">Lo \u00faltimo<\/h3>\t\t<\/div>\n\t\t\t\t<\/div>\n\t\t\t\t\t\t<\/div>\n\t\t\t<\/div>\n\t\t<\/div>\n\t\t\t\t\t\t<\/div>\n\t\t\t<\/div>\n\t\t<\/section>\n\t\t\t\t<section class=\"elementor-element elementor-element-7840f29 elementor-section-stretched elementor-section-full_width elementor-section-height-default elementor-section-height-default elementor-section elementor-top-section\" data-id=\"7840f29\" data-element_type=\"section\" data-settings=\"{&quot;stretch_section&quot;:&quot;section-stretched&quot;,&quot;ekit_has_onepagescroll_dot&quot;:&quot;yes&quot;}\">\n\t\t\t\t\t\t<div class=\"elementor-container elementor-column-gap-default\">\n\t\t\t\t<div class=\"elementor-row\">\n\t\t\t\t<div class=\"elementor-element elementor-element-7eb2b31 elementor-column elementor-col-100 elementor-top-column\" data-id=\"7eb2b31\" data-element_type=\"column\">\n\t\t\t<div class=\"elementor-column-wrap  elementor-element-populated\">\n\t\t\t\t\t<div class=\"elementor-widget-wrap\">\n\t\t\t\t<div class=\"elementor-element elementor-element-1753a10 elementor--h-position-center elementor--v-position-middle elementor-arrows-position-inside elementor-pagination-position-inside elementor-widget elementor-widget-slides\" data-id=\"1753a10\" data-element_type=\"widget\" data-settings=\"{&quot;transition_speed&quot;:300,&quot;navigation&quot;:&quot;both&quot;,&quot;autoplay&quot;:&quot;yes&quot;,&quot;pause_on_hover&quot;:&quot;yes&quot;,&quot;pause_on_interaction&quot;:&quot;yes&quot;,&quot;autoplay_speed&quot;:5000,&quot;infinite&quot;:&quot;yes&quot;,&quot;transition&quot;:&quot;slide&quot;}\" data-widget_type=\"slides.default\">\n\t\t\t\t<div class=\"elementor-widget-container\">\n\t\t\t\t\t<div class=\"elementor-swiper\">\n\t\t\t<div class=\"elementor-slides-wrapper elementor-main-swiper swiper-container\" dir=\"ltr\" data-animation=\"fadeInUp\">\n\t\t\t\t<div class=\"swiper-wrapper elementor-slides\">\n\t\t\t\t\t<div class=\"elementor-repeater-item-316d263 swiper-slide\"><div class=\"swiper-slide-bg\"><\/div><div class=\"swiper-slide-inner\" ><div class=\"swiper-slide-contents\"><div class=\"elementor-slide-heading\">El mejor informativo en deporte<\/div><\/div><\/div><\/div><div class=\"elementor-repeater-item-582388f swiper-slide\"><div class=\"swiper-slide-bg\"><\/div><div class=\"swiper-slide-inner\" ><div class=\"swiper-slide-contents\"><div class=\"elementor-slide-heading\">La encuentras en Deportes SDX<\/div><\/div><\/div><\/div><div class=\"elementor-repeater-item-83e049d swiper-slide\"><div class=\"swiper-slide-bg\"><\/div><div class=\"swiper-slide-inner\" ><div class=\"swiper-slide-contents\"><div class=\"elementor-slide-heading\">S\u00edguenos y ent\u00e9rate de todo sobre el f\u00fatbol<\/div><\/div><\/div><\/div>\t\t\t\t<\/div>\n\t\t\t\t\t\t\t\t\t\t\t\t\t\t\t<div class=\"swiper-pagination\"><\/div>\n\t\t\t\t\t\t\t\t\t\t\t\t\t\t\t\t<div class=\"elementor-swiper-button elementor-swiper-button-prev\">\n\t\t\t\t\t\t\t<i class=\"eicon-chevron-left\" aria-hidden=\"true\"><\/i>\n\t\t\t\t\t\t\t<span class=\"elementor-screen-only\">Previous<\/span>\n\t\t\t\t\t\t<\/div>\n\t\t\t\t\t\t<div class=\"elementor-swiper-button elementor-swiper-button-next\">\n\t\t\t\t\t\t\t<i class=\"eicon-chevron-right\" aria-hidden=\"true\"><\/i>\n\t\t\t\t\t\t\t<span class=\"elementor-screen-only\">Next<\/span>\n\t\t\t\t\t\t<\/div>\n\t\t\t\t\t\t\t\t\t\t\t\t<\/div>\n\t\t<\/div>\n\t\t\t\t<\/div>\n\t\t\t\t<\/div>\n\t\t\t\t\t\t<\/div>\n\t\t\t<\/div>\n\t\t<\/div>\n\t\t\t\t\t\t<\/div>\n\t\t\t<\/div>\n\t\t<\/section>\n\t\t\t\t<section class=\"elementor-element elementor-element-87a941d elementor-section-stretched elementor-section-full_width elementor-section-height-default elementor-section-height-default elementor-section elementor-top-section\" data-id=\"87a941d\" data-element_type=\"section\" data-settings=\"{&quot;stretch_section&quot;:&quot;section-stretched&quot;,&quot;ekit_has_onepagescroll_dot&quot;:&quot;yes&quot;}\">\n\t\t\t\t\t\t<div class=\"elementor-container elementor-column-gap-default\">\n\t\t\t\t<div class=\"elementor-row\">\n\t\t\t\t<div class=\"elementor-element elementor-element-4dad861 elementor-column elementor-col-33 elementor-top-column\" data-id=\"4dad861\" data-element_type=\"column\">\n\t\t\t<div class=\"elementor-column-wrap  elementor-element-populated\">\n\t\t\t\t\t<div class=\"elementor-widget-wrap\">\n\t\t\t\t<div class=\"elementor-element elementor-element-60896aa elementor-widget elementor-widget-image\" data-id=\"60896aa\" data-element_type=\"widget\" data-widget_type=\"image.default\">\n\t\t\t\t<div class=\"elementor-widget-container\">\n\t\t\t\t\t<div class=\"elementor-image\">\n\t\t\t\t\t\t\t\t\t\t<img width=\"580\" height=\"330\" src=\"http:\/\/tecno.scriptrj45.com\/wp-content\/uploads\/2020\/12\/tigres.jpg\" class=\"attachment-large size-large\" alt=\"\" loading=\"lazy\" srcset=\"http:\/\/tecno.scriptrj45.com\/wp-content\/uploads\/2020\/12\/tigres.jpg 580w, http:\/\/tecno.scriptrj45.com\/wp-content\/uploads\/2020\/12\/tigres-300x171.jpg 300w, http:\/\/tecno.scriptrj45.com\/wp-content\/uploads\/2020\/12\/tigres-24x14.jpg 24w, http:\/\/tecno.scriptrj45.com\/wp-content\/uploads\/2020\/12\/tigres-36x20.jpg 36w, http:\/\/tecno.scriptrj45.com\/wp-content\/uploads\/2020\/12\/tigres-48x27.jpg 48w\" sizes=\"(max-width: 580px) 100vw, 580px\" \/>\t\t\t\t\t\t\t\t\t\t\t<\/div>\n\t\t\t\t<\/div>\n\t\t\t\t<\/div>\n\t\t\t\t<div class=\"elementor-element elementor-element-67c1dab elementor-widget elementor-widget-heading\" data-id=\"67c1dab\" data-element_type=\"widget\" data-widget_type=\"heading.default\">\n\t\t\t\t<div class=\"elementor-widget-container\">\n\t\t\t<h4 class=\"elementor-heading-title elementor-size-default\">Tigres Campe\u00f3n<\/h4>\t\t<\/div>\n\t\t\t\t<\/div>\n\t\t\t\t\t\t<\/div>\n\t\t\t<\/div>\n\t\t<\/div>\n\t\t\t\t<div class=\"elementor-element elementor-element-36700ee elementor-column elementor-col-33 elementor-top-column\" data-id=\"36700ee\" data-element_type=\"column\">\n\t\t\t<div class=\"elementor-column-wrap  elementor-element-populated\">\n\t\t\t\t\t<div class=\"elementor-widget-wrap\">\n\t\t\t\t<div class=\"elementor-element elementor-element-06e23ca elementor-widget elementor-widget-image\" data-id=\"06e23ca\" data-element_type=\"widget\" data-widget_type=\"image.default\">\n\t\t\t\t<div class=\"elementor-widget-container\">\n\t\t\t\t\t<div class=\"elementor-image\">\n\t\t\t\t\t\t\t\t\t\t<img width=\"820\" height=\"461\" src=\"http:\/\/tecno.scriptrj45.com\/wp-content\/uploads\/2020\/12\/descarga.jpg\" class=\"attachment-large size-large\" alt=\"\" loading=\"lazy\" srcset=\"http:\/\/tecno.scriptrj45.com\/wp-content\/uploads\/2020\/12\/descarga.jpg 820w, http:\/\/tecno.scriptrj45.com\/wp-content\/uploads\/2020\/12\/descarga-300x169.jpg 300w, http:\/\/tecno.scriptrj45.com\/wp-content\/uploads\/2020\/12\/descarga-768x432.jpg 768w, http:\/\/tecno.scriptrj45.com\/wp-content\/uploads\/2020\/12\/descarga-24x13.jpg 24w, http:\/\/tecno.scriptrj45.com\/wp-content\/uploads\/2020\/12\/descarga-36x20.jpg 36w, http:\/\/tecno.scriptrj45.com\/wp-content\/uploads\/2020\/12\/descarga-48x27.jpg 48w\" sizes=\"(max-width: 820px) 100vw, 820px\" \/>\t\t\t\t\t\t\t\t\t\t\t<\/div>\n\t\t\t\t<\/div>\n\t\t\t\t<\/div>\n\t\t\t\t\t\t<\/div>\n\t\t\t<\/div>\n\t\t<\/div>\n\t\t\t\t<div class=\"elementor-element elementor-element-02e2be9 elementor-column elementor-col-33 elementor-top-column\" data-id=\"02e2be9\" data-element_type=\"column\">\n\t\t\t<div class=\"elementor-column-wrap  elementor-element-populated\">\n\t\t\t\t\t<div class=\"elementor-widget-wrap\">\n\t\t\t\t<div class=\"elementor-element elementor-element-3ba61eb elementor-widget elementor-widget-image\" data-id=\"3ba61eb\" data-element_type=\"widget\" data-widget_type=\"image.default\">\n\t\t\t\t<div class=\"elementor-widget-container\">\n\t\t\t\t\t<div class=\"elementor-image\">\n\t\t\t\t\t\t\t\t\t\t<img width=\"1024\" height=\"683\" src=\"http:\/\/tecno.scriptrj45.com\/wp-content\/uploads\/2020\/12\/working-1-1024x683.jpeg\" class=\"attachment-large size-large\" alt=\"\" loading=\"lazy\" srcset=\"http:\/\/tecno.scriptrj45.com\/wp-content\/uploads\/2020\/12\/working-1-1024x683.jpeg 1024w, http:\/\/tecno.scriptrj45.com\/wp-content\/uploads\/2020\/12\/working-1-300x200.jpeg 300w, http:\/\/tecno.scriptrj45.com\/wp-content\/uploads\/2020\/12\/working-1-768x512.jpeg 768w, http:\/\/tecno.scriptrj45.com\/wp-content\/uploads\/2020\/12\/working-1-1536x1024.jpeg 1536w, http:\/\/tecno.scriptrj45.com\/wp-content\/uploads\/2020\/12\/working-1-2048x1366.jpeg 2048w, http:\/\/tecno.scriptrj45.com\/wp-content\/uploads\/2020\/12\/working-1-24x16.jpeg 24w, http:\/\/tecno.scriptrj45.com\/wp-content\/uploads\/2020\/12\/working-1-36x24.jpeg 36w, http:\/\/tecno.scriptrj45.com\/wp-content\/uploads\/2020\/12\/working-1-48x32.jpeg 48w\" sizes=\"(max-width: 1024px) 100vw, 1024px\" \/>\t\t\t\t\t\t\t\t\t\t\t<\/div>\n\t\t\t\t<\/div>\n\t\t\t\t<\/div>\n\t\t\t\t<div class=\"elementor-element elementor-element-0a8ac4c elementor-widget elementor-widget-heading\" data-id=\"0a8ac4c\" data-element_type=\"widget\" data-widget_type=\"heading.default\">\n\t\t\t\t<div class=\"elementor-widget-container\">\n\t\t\t<h5 class=\"elementor-heading-title elementor-size-default\">El garage de Ra\u00fal Jimenez<\/h5>\t\t<\/div>\n\t\t\t\t<\/div>\n\t\t\t\t\t\t<\/div>\n\t\t\t<\/div>\n\t\t<\/div>\n\t\t\t\t\t\t<\/div>\n\t\t\t<\/div>\n\t\t<\/section>\n\t\t\t\t<section class=\"elementor-element elementor-element-62a5c8c elementor-section-boxed elementor-section-height-default elementor-section-height-default elementor-section elementor-top-section\" data-id=\"62a5c8c\" data-element_type=\"section\" data-settings=\"{&quot;background_background&quot;:&quot;classic&quot;,&quot;ekit_has_onepagescroll_dot&quot;:&quot;yes&quot;}\">\n\t\t\t\t\t\t<div class=\"elementor-container elementor-column-gap-default\">\n\t\t\t\t<div class=\"elementor-row\">\n\t\t\t\t<div class=\"elementor-element elementor-element-a2bb876 elementor-column elementor-col-100 elementor-top-column\" data-id=\"a2bb876\" data-element_type=\"column\">\n\t\t\t<div class=\"elementor-column-wrap  elementor-element-populated\">\n\t\t\t\t\t<div class=\"elementor-widget-wrap\">\n\t\t\t\t<div class=\"elementor-element elementor-element-c4846c0 elementor-widget elementor-widget-heading\" data-id=\"c4846c0\" data-element_type=\"widget\" data-widget_type=\"heading.default\">\n\t\t\t\t<div class=\"elementor-widget-container\">\n\t\t\t<h3 class=\"elementor-heading-title elementor-size-default\">Lo que dice la gente<\/h3>\t\t<\/div>\n\t\t\t\t<\/div>\n\t\t\t\t\t\t<\/div>\n\t\t\t<\/div>\n\t\t<\/div>\n\t\t\t\t\t\t<\/div>\n\t\t\t<\/div>\n\t\t<\/section>\n\t\t\t\t<section class=\"elementor-element elementor-element-1995846 elementor-section-stretched elementor-section-full_width elementor-section-height-default elementor-section-height-default elementor-section elementor-top-section\" data-id=\"1995846\" data-element_type=\"section\" data-settings=\"{&quot;background_background&quot;:&quot;classic&quot;,&quot;stretch_section&quot;:&quot;section-stretched&quot;,&quot;ekit_has_onepagescroll_dot&quot;:&quot;yes&quot;}\">\n\t\t\t\t\t\t<div class=\"elementor-container elementor-column-gap-no\">\n\t\t\t\t<div class=\"elementor-row\">\n\t\t\t\t<div class=\"elementor-element elementor-element-04a8088 elementor-column elementor-col-33 elementor-top-column\" data-id=\"04a8088\" data-element_type=\"column\" data-settings=\"{&quot;background_background&quot;:&quot;classic&quot;}\">\n\t\t\t<div class=\"elementor-column-wrap  elementor-element-populated\">\n\t\t\t\t\t<div class=\"elementor-widget-wrap\">\n\t\t\t\t<div class=\"elementor-element elementor-element-e26d40d elementor-widget__width-initial elementor--star-style-star_fontawesome elementor-widget elementor-widget-star-rating\" data-id=\"e26d40d\" data-element_type=\"widget\" data-widget_type=\"star-rating.default\">\n\t\t\t\t<div class=\"elementor-widget-container\">\n\t\t\t\n\t\t<div class=\"elementor-star-rating__wrapper\">\n\t\t\t\t\t\t<div class=\"elementor-star-rating\" title=\"5\/5\" itemtype=\"http:\/\/schema.org\/Rating\" itemscope=\"\" itemprop=\"reviewRating\"><i class=\"elementor-star-full\">&#xE934;<\/i><i class=\"elementor-star-full\">&#xE934;<\/i><i class=\"elementor-star-full\">&#xE934;<\/i><i class=\"elementor-star-full\">&#xE934;<\/i><i class=\"elementor-star-full\">&#xE934;<\/i> <span itemprop=\"ratingValue\" class=\"elementor-screen-only\">5\/5<\/span><\/div>\t\t<\/div>\n\t\t\t\t<\/div>\n\t\t\t\t<\/div>\n\t\t\t\t<div class=\"elementor-element elementor-element-ba0680c elementor-widget elementor-widget-testimonial\" data-id=\"ba0680c\" data-element_type=\"widget\" data-widget_type=\"testimonial.default\">\n\t\t\t\t<div class=\"elementor-widget-container\">\n\t\t\t\t\t<div class=\"elementor-testimonial-wrapper elementor-testimonial-text-align-left\">\n\t\t\t\t\t\t\t<div class=\"elementor-testimonial-content\">\"Es una p\u00e1gina muy buena, dan un buen informaci\u00f3n para poder estar al tanto de lo que pasa en el f\u00fatbol\".<\/div>\n\t\t\t\n\t\t\t\t\t\t<div class=\"elementor-testimonial-meta elementor-has-image elementor-testimonial-image-position-aside\">\n\t\t\t\t<div class=\"elementor-testimonial-meta-inner\">\n\t\t\t\t\t\t\t\t\t\t\t<div class=\"elementor-testimonial-image\">\n\t\t\t\t\t\t\t<img width=\"256\" height=\"256\" src=\"http:\/\/tecno.scriptrj45.com\/wp-content\/uploads\/2020\/12\/icono45.png\" class=\"attachment-full size-full\" alt=\"\" loading=\"lazy\" srcset=\"http:\/\/tecno.scriptrj45.com\/wp-content\/uploads\/2020\/12\/icono45.png 256w, http:\/\/tecno.scriptrj45.com\/wp-content\/uploads\/2020\/12\/icono45-150x150.png 150w, http:\/\/tecno.scriptrj45.com\/wp-content\/uploads\/2020\/12\/icono45-24x24.png 24w, http:\/\/tecno.scriptrj45.com\/wp-content\/uploads\/2020\/12\/icono45-36x36.png 36w, http:\/\/tecno.scriptrj45.com\/wp-content\/uploads\/2020\/12\/icono45-48x48.png 48w\" sizes=\"(max-width: 256px) 100vw, 256px\" \/>\t\t\t\t\t\t<\/div>\n\t\t\t\t\t\n\t\t\t\t\t\t\t\t\t\t<div class=\"elementor-testimonial-details\">\n\t\t\t\t\t\t\t\t\t\t\t\t\t\t<div class=\"elementor-testimonial-name\">Wilson sente<\/div>\n\t\t\t\t\t\t\t\t\t\t\t\t\t\t\t\t\t\t\t\t\t\t<div class=\"elementor-testimonial-job\">Ingeniero<\/div>\n\t\t\t\t\t\t\t\t\t\t\t\t\t<\/div>\n\t\t\t\t\t\t\t\t\t<\/div>\n\t\t\t<\/div>\n\t\t\t\t\t<\/div>\n\t\t\t\t<\/div>\n\t\t\t\t<\/div>\n\t\t\t\t\t\t<\/div>\n\t\t\t<\/div>\n\t\t<\/div>\n\t\t\t\t<div class=\"elementor-element elementor-element-f178502 elementor-column elementor-col-33 elementor-top-column\" data-id=\"f178502\" data-element_type=\"column\" data-settings=\"{&quot;background_background&quot;:&quot;classic&quot;}\">\n\t\t\t<div class=\"elementor-column-wrap  elementor-element-populated\">\n\t\t\t\t\t<div class=\"elementor-widget-wrap\">\n\t\t\t\t<div class=\"elementor-element elementor-element-769ad7e elementor-widget__width-initial elementor--star-style-star_fontawesome elementor-widget elementor-widget-star-rating\" data-id=\"769ad7e\" data-element_type=\"widget\" data-widget_type=\"star-rating.default\">\n\t\t\t\t<div class=\"elementor-widget-container\">\n\t\t\t\n\t\t<div class=\"elementor-star-rating__wrapper\">\n\t\t\t\t\t\t<div class=\"elementor-star-rating\" title=\"5\/5\" itemtype=\"http:\/\/schema.org\/Rating\" itemscope=\"\" itemprop=\"reviewRating\"><i class=\"elementor-star-full\">&#xE934;<\/i><i class=\"elementor-star-full\">&#xE934;<\/i><i class=\"elementor-star-full\">&#xE934;<\/i><i class=\"elementor-star-full\">&#xE934;<\/i><i class=\"elementor-star-full\">&#xE934;<\/i> <span itemprop=\"ratingValue\" class=\"elementor-screen-only\">5\/5<\/span><\/div>\t\t<\/div>\n\t\t\t\t<\/div>\n\t\t\t\t<\/div>\n\t\t\t\t<div class=\"elementor-element elementor-element-06c6317 elementor-widget elementor-widget-testimonial\" data-id=\"06c6317\" data-element_type=\"widget\" data-widget_type=\"testimonial.default\">\n\t\t\t\t<div class=\"elementor-widget-container\">\n\t\t\t\t\t<div class=\"elementor-testimonial-wrapper elementor-testimonial-text-align-left\">\n\t\t\t\t\t\t\t<div class=\"elementor-testimonial-content\">\"Es una p\u00e1gina muy buena, dan un buen informaci\u00f3n para poder estar al tanto de lo que pasa en el f\u00fatbol\".<\/div>\n\t\t\t\n\t\t\t\t\t\t<div class=\"elementor-testimonial-meta elementor-has-image elementor-testimonial-image-position-aside\">\n\t\t\t\t<div class=\"elementor-testimonial-meta-inner\">\n\t\t\t\t\t\t\t\t\t\t\t<div class=\"elementor-testimonial-image\">\n\t\t\t\t\t\t\t<img width=\"256\" height=\"256\" src=\"http:\/\/tecno.scriptrj45.com\/wp-content\/uploads\/2020\/12\/icono45.png\" class=\"attachment-full size-full\" alt=\"\" loading=\"lazy\" srcset=\"http:\/\/tecno.scriptrj45.com\/wp-content\/uploads\/2020\/12\/icono45.png 256w, http:\/\/tecno.scriptrj45.com\/wp-content\/uploads\/2020\/12\/icono45-150x150.png 150w, http:\/\/tecno.scriptrj45.com\/wp-content\/uploads\/2020\/12\/icono45-24x24.png 24w, http:\/\/tecno.scriptrj45.com\/wp-content\/uploads\/2020\/12\/icono45-36x36.png 36w, http:\/\/tecno.scriptrj45.com\/wp-content\/uploads\/2020\/12\/icono45-48x48.png 48w\" sizes=\"(max-width: 256px) 100vw, 256px\" \/>\t\t\t\t\t\t<\/div>\n\t\t\t\t\t\n\t\t\t\t\t\t\t\t\t\t<div class=\"elementor-testimonial-details\">\n\t\t\t\t\t\t\t\t\t\t\t\t\t\t<div class=\"elementor-testimonial-name\">Juan sente<\/div>\n\t\t\t\t\t\t\t\t\t\t\t\t\t\t\t\t\t\t\t\t\t\t<div class=\"elementor-testimonial-job\">Deportista<\/div>\n\t\t\t\t\t\t\t\t\t\t\t\t\t<\/div>\n\t\t\t\t\t\t\t\t\t<\/div>\n\t\t\t<\/div>\n\t\t\t\t\t<\/div>\n\t\t\t\t<\/div>\n\t\t\t\t<\/div>\n\t\t\t\t\t\t<\/div>\n\t\t\t<\/div>\n\t\t<\/div>\n\t\t\t\t<div class=\"elementor-element elementor-element-503918f elementor-column elementor-col-33 elementor-top-column\" data-id=\"503918f\" data-element_type=\"column\" data-settings=\"{&quot;background_background&quot;:&quot;classic&quot;}\">\n\t\t\t<div class=\"elementor-column-wrap  elementor-element-populated\">\n\t\t\t\t\t<div class=\"elementor-widget-wrap\">\n\t\t\t\t<div class=\"elementor-element elementor-element-73041f6 elementor-widget__width-initial elementor--star-style-star_fontawesome elementor-widget elementor-widget-star-rating\" data-id=\"73041f6\" data-element_type=\"widget\" data-widget_type=\"star-rating.default\">\n\t\t\t\t<div class=\"elementor-widget-container\">\n\t\t\t\n\t\t<div class=\"elementor-star-rating__wrapper\">\n\t\t\t\t\t\t<div class=\"elementor-star-rating\" title=\"5\/5\" itemtype=\"http:\/\/schema.org\/Rating\" itemscope=\"\" itemprop=\"reviewRating\"><i class=\"elementor-star-full\">&#xE934;<\/i><i class=\"elementor-star-full\">&#xE934;<\/i><i class=\"elementor-star-full\">&#xE934;<\/i><i class=\"elementor-star-full\">&#xE934;<\/i><i class=\"elementor-star-full\">&#xE934;<\/i> <span itemprop=\"ratingValue\" class=\"elementor-screen-only\">5\/5<\/span><\/div>\t\t<\/div>\n\t\t\t\t<\/div>\n\t\t\t\t<\/div>\n\t\t\t\t<div class=\"elementor-element elementor-element-95ace88 elementor-widget elementor-widget-testimonial\" data-id=\"95ace88\" data-element_type=\"widget\" data-widget_type=\"testimonial.default\">\n\t\t\t\t<div class=\"elementor-widget-container\">\n\t\t\t\t\t<div class=\"elementor-testimonial-wrapper elementor-testimonial-text-align-left\">\n\t\t\t\t\t\t\t<div class=\"elementor-testimonial-content\">\"Es una p\u00e1gina muy buena, dan un buen informaci\u00f3n para poder estar al tanto de lo que pasa en el f\u00fatbol\".<\/div>\n\t\t\t\n\t\t\t\t\t\t<div class=\"elementor-testimonial-meta elementor-has-image elementor-testimonial-image-position-aside\">\n\t\t\t\t<div class=\"elementor-testimonial-meta-inner\">\n\t\t\t\t\t\t\t\t\t\t\t<div class=\"elementor-testimonial-image\">\n\t\t\t\t\t\t\t<img width=\"256\" height=\"256\" src=\"http:\/\/tecno.scriptrj45.com\/wp-content\/uploads\/2020\/12\/icono45.png\" class=\"attachment-full size-full\" alt=\"\" loading=\"lazy\" srcset=\"http:\/\/tecno.scriptrj45.com\/wp-content\/uploads\/2020\/12\/icono45.png 256w, http:\/\/tecno.scriptrj45.com\/wp-content\/uploads\/2020\/12\/icono45-150x150.png 150w, http:\/\/tecno.scriptrj45.com\/wp-content\/uploads\/2020\/12\/icono45-24x24.png 24w, http:\/\/tecno.scriptrj45.com\/wp-content\/uploads\/2020\/12\/icono45-36x36.png 36w, http:\/\/tecno.scriptrj45.com\/wp-content\/uploads\/2020\/12\/icono45-48x48.png 48w\" sizes=\"(max-width: 256px) 100vw, 256px\" \/>\t\t\t\t\t\t<\/div>\n\t\t\t\t\t\n\t\t\t\t\t\t\t\t\t\t<div class=\"elementor-testimonial-details\">\n\t\t\t\t\t\t\t\t\t\t\t\t\t\t<div class=\"elementor-testimonial-name\">el bicho<\/div>\n\t\t\t\t\t\t\t\t\t\t\t\t\t\t\t\t\t\t\t\t\t\t<div class=\"elementor-testimonial-job\">Doctor<\/div>\n\t\t\t\t\t\t\t\t\t\t\t\t\t<\/div>\n\t\t\t\t\t\t\t\t\t<\/div>\n\t\t\t<\/div>\n\t\t\t\t\t<\/div>\n\t\t\t\t<\/div>\n\t\t\t\t<\/div>\n\t\t\t\t\t\t<\/div>\n\t\t\t<\/div>\n\t\t<\/div>\n\t\t\t\t\t\t<\/div>\n\t\t\t<\/div>\n\t\t<\/section>\n\t\t\t\t<section class=\"elementor-element elementor-element-e01bf0e elementor-section-boxed elementor-section-height-default elementor-section-height-default elementor-section elementor-top-section\" data-id=\"e01bf0e\" data-element_type=\"section\" data-settings=\"{&quot;background_background&quot;:&quot;classic&quot;,&quot;ekit_has_onepagescroll_dot&quot;:&quot;yes&quot;}\">\n\t\t\t\t\t\t\t<div class=\"elementor-background-overlay\"><\/div>\n\t\t\t\t\t\t\t<div class=\"elementor-container elementor-column-gap-default\">\n\t\t\t\t<div class=\"elementor-row\">\n\t\t\t\t<div class=\"elementor-element elementor-element-6a026e2 elementor-column elementor-col-100 elementor-top-column\" data-id=\"6a026e2\" data-element_type=\"column\">\n\t\t\t<div class=\"elementor-column-wrap  elementor-element-populated\">\n\t\t\t\t\t<div class=\"elementor-widget-wrap\">\n\t\t\t\t<div class=\"elementor-element elementor-element-166e313 elementor-invisible elementor-widget elementor-widget-heading\" data-id=\"166e313\" data-element_type=\"widget\" data-settings=\"{&quot;_animation&quot;:&quot;fadeInUp&quot;}\" data-widget_type=\"heading.default\">\n\t\t\t\t<div class=\"elementor-widget-container\">\n\t\t\t<h3 class=\"elementor-heading-title elementor-size-default\">\u00a1El f\u00fatbol es pasi\u00f3n!<\/h3>\t\t<\/div>\n\t\t\t\t<\/div>\n\t\t\t\t<div class=\"elementor-element elementor-element-674b8c3 elementor-widget elementor-widget-text-editor\" data-id=\"674b8c3\" data-element_type=\"widget\" data-widget_type=\"text-editor.default\">\n\t\t\t\t<div class=\"elementor-widget-container\">\n\t\t\t\t\t<div class=\"elementor-text-editor elementor-clearfix\"><p>El terreno de juego es rectangular de c\u00e9sped natural o artificial, con una porter\u00eda o arco a cada lado del campo. Se juega mediante una pelota que se debe desplazar a trav\u00e9s del campo con cualquier parte del cuerpo que no sean los brazos o las manos, y mayoritariamente con los pies (de ah\u00ed su nombre). El objetivo es introducirla dentro de la porter\u00eda o arco contrario, acci\u00f3n que se denomina marcar un gol. El equipo que logre m\u00e1s goles al cabo del partido, de una duraci\u00f3n de 90 minutos, es el que resulta ganador del encuentro.<\/p><\/div>\n\t\t\t\t<\/div>\n\t\t\t\t<\/div>\n\t\t\t\t\t\t<\/div>\n\t\t\t<\/div>\n\t\t<\/div>\n\t\t\t\t\t\t<\/div>\n\t\t\t<\/div>\n\t\t<\/section>\n\t\t\t\t\t\t<\/div>\n\t\t\t<\/div>\n\t\t<\/div>\n\t\t","protected":false},"excerpt":{"rendered":"<p>Welcome to PointLab We\u2019ll Ensure You Always Get The Best Result. Lacinia in netus vel a, scelerisque mauris quis et, purus blandit sapien, pharetra, viverra volutpat risus non tortor, cras egestas et maecenas facilisi imperdiet quam fringilla dui mauris enim, nec arcu, interdum sit nisi est facilisi sodales viverra proin et. Make An Appointment Learn &hellip;<\/p>\n<p class=\"read-more\"> <a class=\"\" href=\"https:\/\/websitedemos.net\/diagnostics-lab-02\/\"> <span class=\"screen-reader-text\">Home<\/span> Read More &raquo;<\/a><\/p>\n","protected":false},"author":1,"featured_media":0,"parent":0,"menu_order":0,"comment_status":"closed","ping_status":"closed","template":"elementor_header_footer","meta":[],"_links":{"self":[{"href":"http:\/\/tecno.scriptrj45.com\/index.php\/wp-json\/wp\/v2\/pages\/461"}],"collection":[{"href":"http:\/\/tecno.scriptrj45.com\/index.php\/wp-json\/wp\/v2\/pages"}],"about":[{"href":"http:\/\/tecno.scriptrj45.com\/index.php\/wp-json\/wp\/v2\/types\/page"}],"author":[{"embeddable":true,"href":"http:\/\/tecno.scriptrj45.com\/index.php\/wp-json\/wp\/v2\/users\/1"}],"replies":[{"embeddable":true,"href":"http:\/\/tecno.scriptrj45.com\/index.php\/wp-json\/wp\/v2\/comments?post=461"}],"version-history":[{"count":27,"href":"http:\/\/tecno.scriptrj45.com\/index.php\/wp-json\/wp\/v2\/pages\/461\/revisions"}],"predecessor-version":[{"id":581,"href":"http:\/\/tecno.scriptrj45.com\/index.php\/wp-json\/wp\/v2\/pages\/461\/revisions\/581"}],"wp:attachment":[{"href":"http:\/\/tecno.scriptrj45.com\/index.php\/wp-json\/wp\/v2\/media?parent=461"}],"curies":[{"name":"wp","href":"https:\/\/api.w.org\/{rel}","templated":true}]}}