{"id":522,"date":"2020-12-29T19:33:19","date_gmt":"2020-12-29T19:33:19","guid":{"rendered":"http:\/\/tecno.scriptrj45.com\/?page_id=522"},"modified":"2021-01-04T23:23:57","modified_gmt":"2021-01-04T23:23:57","slug":"ultima-hora","status":"publish","type":"page","link":"http:\/\/tecno.scriptrj45.com\/index.php\/ultima-hora\/","title":{"rendered":"\u00daltima hora"},"content":{"rendered":"\t\t<div data-elementor-type=\"wp-post\" data-elementor-id=\"522\" class=\"elementor elementor-522\" data-elementor-settings=\"[]\">\n\t\t\t<div class=\"elementor-inner\">\n\t\t\t\t<div class=\"elementor-section-wrap\">\n\t\t\t\t\t\t\t<section class=\"elementor-element elementor-element-b366297 elementor-section-boxed elementor-section-height-default elementor-section-height-default elementor-section elementor-top-section\" data-id=\"b366297\" data-element_type=\"section\" data-settings=\"{&quot;background_background&quot;:&quot;classic&quot;,&quot;ekit_has_onepagescroll_dot&quot;:&quot;yes&quot;}\">\n\t\t\t\t\t\t<div class=\"elementor-container elementor-column-gap-default\">\n\t\t\t\t<div class=\"elementor-row\">\n\t\t\t\t<div class=\"elementor-element elementor-element-eb1b59e elementor-column elementor-col-100 elementor-top-column\" data-id=\"eb1b59e\" data-element_type=\"column\">\n\t\t\t<div class=\"elementor-column-wrap  elementor-element-populated\">\n\t\t\t\t\t<div class=\"elementor-widget-wrap\">\n\t\t\t\t<div class=\"elementor-element elementor-element-2a0db6e elementor-widget elementor-widget-heading\" data-id=\"2a0db6e\" data-element_type=\"widget\" data-widget_type=\"heading.default\">\n\t\t\t\t<div class=\"elementor-widget-container\">\n\t\t\t<h3 class=\"elementor-heading-title elementor-size-default\">\u00daltima hora<\/h3>\t\t<\/div>\n\t\t\t\t<\/div>\n\t\t\t\t\t\t<\/div>\n\t\t\t<\/div>\n\t\t<\/div>\n\t\t\t\t\t\t<\/div>\n\t\t\t<\/div>\n\t\t<\/section>\n\t\t\t\t<section class=\"elementor-element elementor-element-e84d644 elementor-section-stretched elementor-section-full_width elementor-section-height-default elementor-section-height-default elementor-section elementor-top-section\" data-id=\"e84d644\" data-element_type=\"section\" data-settings=\"{&quot;stretch_section&quot;:&quot;section-stretched&quot;,&quot;ekit_has_onepagescroll_dot&quot;:&quot;yes&quot;}\">\n\t\t\t\t\t\t<div class=\"elementor-container elementor-column-gap-default\">\n\t\t\t\t<div class=\"elementor-row\">\n\t\t\t\t<div class=\"elementor-element elementor-element-a53f3e7 elementor-column elementor-col-50 elementor-top-column\" data-id=\"a53f3e7\" data-element_type=\"column\" data-settings=\"{&quot;background_background&quot;:&quot;classic&quot;}\">\n\t\t\t<div class=\"elementor-column-wrap  elementor-element-populated\">\n\t\t\t\t\t<div class=\"elementor-widget-wrap\">\n\t\t\t\t<div class=\"elementor-element elementor-element-0e19d7b elementor-widget elementor-widget-image\" data-id=\"0e19d7b\" data-element_type=\"widget\" data-widget_type=\"image.default\">\n\t\t\t\t<div class=\"elementor-widget-container\">\n\t\t\t\t\t<div class=\"elementor-image\">\n\t\t\t\t\t\t\t\t\t\t<img width=\"500\" height=\"500\" src=\"http:\/\/tecno.scriptrj45.com\/wp-content\/uploads\/2020\/12\/guatemala.png\" class=\"attachment-large size-large\" alt=\"\" loading=\"lazy\" srcset=\"http:\/\/tecno.scriptrj45.com\/wp-content\/uploads\/2020\/12\/guatemala.png 500w, http:\/\/tecno.scriptrj45.com\/wp-content\/uploads\/2020\/12\/guatemala-300x300.png 300w, http:\/\/tecno.scriptrj45.com\/wp-content\/uploads\/2020\/12\/guatemala-150x150.png 150w, http:\/\/tecno.scriptrj45.com\/wp-content\/uploads\/2020\/12\/guatemala-24x24.png 24w, http:\/\/tecno.scriptrj45.com\/wp-content\/uploads\/2020\/12\/guatemala-36x36.png 36w, http:\/\/tecno.scriptrj45.com\/wp-content\/uploads\/2020\/12\/guatemala-48x48.png 48w\" sizes=\"(max-width: 500px) 100vw, 500px\" \/>\t\t\t\t\t\t\t\t\t\t\t<\/div>\n\t\t\t\t<\/div>\n\t\t\t\t<\/div>\n\t\t\t\t<div class=\"elementor-element elementor-element-a17e7db elementor-widget elementor-widget-heading\" data-id=\"a17e7db\" data-element_type=\"widget\" data-widget_type=\"heading.default\">\n\t\t\t\t<div class=\"elementor-widget-container\">\n\t\t\t<h5 class=\"elementor-heading-title elementor-size-default\">\"Guatemala va al mundial por primera vez en su historia\"<\/h5>\t\t<\/div>\n\t\t\t\t<\/div>\n\t\t\t\t<div class=\"elementor-element elementor-element-961321e elementor-widget elementor-widget-heading\" data-id=\"961321e\" data-element_type=\"widget\" data-widget_type=\"heading.default\">\n\t\t\t\t<div class=\"elementor-widget-container\">\n\t\t\t<h6 class=\"elementor-heading-title elementor-size-default\">Por primera vez en la historia de este pa\u00eds, Guatemala participar\u00e1 en la fiesta grande del f\u00fatbol en Qatar 2022.<\/h6>\t\t<\/div>\n\t\t\t\t<\/div>\n\t\t\t\t<div class=\"elementor-element elementor-element-fe627dc elementor-widget elementor-widget-image\" data-id=\"fe627dc\" data-element_type=\"widget\" data-widget_type=\"image.default\">\n\t\t\t\t<div class=\"elementor-widget-container\">\n\t\t\t\t\t<div class=\"elementor-image\">\n\t\t\t\t\t\t\t\t\t\t<img width=\"500\" height=\"500\" src=\"http:\/\/tecno.scriptrj45.com\/wp-content\/uploads\/2020\/12\/guatemala.png\" class=\"attachment-large size-large\" alt=\"\" loading=\"lazy\" srcset=\"http:\/\/tecno.scriptrj45.com\/wp-content\/uploads\/2020\/12\/guatemala.png 500w, http:\/\/tecno.scriptrj45.com\/wp-content\/uploads\/2020\/12\/guatemala-300x300.png 300w, http:\/\/tecno.scriptrj45.com\/wp-content\/uploads\/2020\/12\/guatemala-150x150.png 150w, http:\/\/tecno.scriptrj45.com\/wp-content\/uploads\/2020\/12\/guatemala-24x24.png 24w, http:\/\/tecno.scriptrj45.com\/wp-content\/uploads\/2020\/12\/guatemala-36x36.png 36w, http:\/\/tecno.scriptrj45.com\/wp-content\/uploads\/2020\/12\/guatemala-48x48.png 48w\" sizes=\"(max-width: 500px) 100vw, 500px\" \/>\t\t\t\t\t\t\t\t\t\t\t<\/div>\n\t\t\t\t<\/div>\n\t\t\t\t<\/div>\n\t\t\t\t\t\t<\/div>\n\t\t\t<\/div>\n\t\t<\/div>\n\t\t\t\t<div class=\"elementor-element elementor-element-725b2c7 elementor-column elementor-col-50 elementor-top-column\" data-id=\"725b2c7\" data-element_type=\"column\">\n\t\t\t<div class=\"elementor-column-wrap  elementor-element-populated\">\n\t\t\t\t\t<div class=\"elementor-widget-wrap\">\n\t\t\t\t<div class=\"elementor-element elementor-element-fd71be6 elementor-invisible elementor-widget elementor-widget-image\" data-id=\"fd71be6\" data-element_type=\"widget\" data-settings=\"{&quot;_animation&quot;:&quot;none&quot;}\" data-widget_type=\"image.default\">\n\t\t\t\t<div class=\"elementor-widget-container\">\n\t\t\t\t\t<div class=\"elementor-image\">\n\t\t\t\t\t\t\t\t\t\t<img width=\"1920\" height=\"1081\" src=\"http:\/\/tecno.scriptrj45.com\/wp-content\/uploads\/2020\/12\/sele.jpg\" class=\"elementor-animation-shrink attachment-2048x2048 size-2048x2048\" alt=\"\" loading=\"lazy\" srcset=\"http:\/\/tecno.scriptrj45.com\/wp-content\/uploads\/2020\/12\/sele.jpg 1920w, http:\/\/tecno.scriptrj45.com\/wp-content\/uploads\/2020\/12\/sele-300x169.jpg 300w, http:\/\/tecno.scriptrj45.com\/wp-content\/uploads\/2020\/12\/sele-1024x577.jpg 1024w, http:\/\/tecno.scriptrj45.com\/wp-content\/uploads\/2020\/12\/sele-768x432.jpg 768w, http:\/\/tecno.scriptrj45.com\/wp-content\/uploads\/2020\/12\/sele-1536x865.jpg 1536w, http:\/\/tecno.scriptrj45.com\/wp-content\/uploads\/2020\/12\/sele-24x14.jpg 24w, http:\/\/tecno.scriptrj45.com\/wp-content\/uploads\/2020\/12\/sele-36x20.jpg 36w, http:\/\/tecno.scriptrj45.com\/wp-content\/uploads\/2020\/12\/sele-48x27.jpg 48w\" sizes=\"(max-width: 1920px) 100vw, 1920px\" \/>\t\t\t\t\t\t\t\t\t\t\t<\/div>\n\t\t\t\t<\/div>\n\t\t\t\t<\/div>\n\t\t\t\t\t\t<\/div>\n\t\t\t<\/div>\n\t\t<\/div>\n\t\t\t\t\t\t<\/div>\n\t\t\t<\/div>\n\t\t<\/section>\n\t\t\t\t<section class=\"elementor-element elementor-element-85373ca elementor-section-stretched elementor-section-full_width elementor-section-height-default elementor-section-height-default elementor-section elementor-top-section\" data-id=\"85373ca\" data-element_type=\"section\" data-settings=\"{&quot;stretch_section&quot;:&quot;section-stretched&quot;,&quot;background_background&quot;:&quot;classic&quot;,&quot;ekit_has_onepagescroll_dot&quot;:&quot;yes&quot;}\">\n\t\t\t\t\t\t<div class=\"elementor-container elementor-column-gap-default\">\n\t\t\t\t<div class=\"elementor-row\">\n\t\t\t\t<div class=\"elementor-element elementor-element-0d8f5fd elementor-column elementor-col-33 elementor-top-column\" data-id=\"0d8f5fd\" data-element_type=\"column\">\n\t\t\t<div class=\"elementor-column-wrap  elementor-element-populated\">\n\t\t\t\t\t<div class=\"elementor-widget-wrap\">\n\t\t\t\t<div class=\"elementor-element elementor-element-c947d5f elementor-widget elementor-widget-image\" data-id=\"c947d5f\" data-element_type=\"widget\" data-widget_type=\"image.default\">\n\t\t\t\t<div class=\"elementor-widget-container\">\n\t\t\t\t\t<div class=\"elementor-image\">\n\t\t\t\t\t\t\t\t\t\t<img width=\"256\" height=\"256\" src=\"http:\/\/tecno.scriptrj45.com\/wp-content\/uploads\/2020\/12\/Copa-Guatemala.png\" class=\"attachment-large size-large\" alt=\"\" loading=\"lazy\" srcset=\"http:\/\/tecno.scriptrj45.com\/wp-content\/uploads\/2020\/12\/Copa-Guatemala.png 256w, http:\/\/tecno.scriptrj45.com\/wp-content\/uploads\/2020\/12\/Copa-Guatemala-150x150.png 150w, http:\/\/tecno.scriptrj45.com\/wp-content\/uploads\/2020\/12\/Copa-Guatemala-24x24.png 24w, http:\/\/tecno.scriptrj45.com\/wp-content\/uploads\/2020\/12\/Copa-Guatemala-36x36.png 36w, http:\/\/tecno.scriptrj45.com\/wp-content\/uploads\/2020\/12\/Copa-Guatemala-48x48.png 48w\" sizes=\"(max-width: 256px) 100vw, 256px\" \/>\t\t\t\t\t\t\t\t\t\t\t<\/div>\n\t\t\t\t<\/div>\n\t\t\t\t<\/div>\n\t\t\t\t<div class=\"elementor-element elementor-element-8ba5d82 elementor-widget elementor-widget-heading\" data-id=\"8ba5d82\" data-element_type=\"widget\" data-widget_type=\"heading.default\">\n\t\t\t\t<div class=\"elementor-widget-container\">\n\t\t\t<h4 class=\"elementor-heading-title elementor-size-default\">\"La liga nacional vuelve en enero\"<\/h4>\t\t<\/div>\n\t\t\t\t<\/div>\n\t\t\t\t<div class=\"elementor-element elementor-element-e37186d elementor-widget elementor-widget-heading\" data-id=\"e37186d\" data-element_type=\"widget\" data-widget_type=\"heading.default\">\n\t\t\t\t<div class=\"elementor-widget-container\">\n\t\t\t<h6 class=\"elementor-heading-title elementor-size-default\">La liga nacional de Guatemala podr\u00eda volver en enero, seg\u00fan fedefut.<\/h6>\t\t<\/div>\n\t\t\t\t<\/div>\n\t\t\t\t\t\t<\/div>\n\t\t\t<\/div>\n\t\t<\/div>\n\t\t\t\t<div class=\"elementor-element elementor-element-3abac16 elementor-column elementor-col-33 elementor-top-column\" data-id=\"3abac16\" data-element_type=\"column\">\n\t\t\t<div class=\"elementor-column-wrap  elementor-element-populated\">\n\t\t\t\t\t<div class=\"elementor-widget-wrap\">\n\t\t\t\t<div class=\"elementor-element elementor-element-cb94b47 elementor-widget elementor-widget-image\" data-id=\"cb94b47\" data-element_type=\"widget\" data-widget_type=\"image.default\">\n\t\t\t\t<div class=\"elementor-widget-container\">\n\t\t\t\t\t<div class=\"elementor-image\">\n\t\t\t\t\t\t\t\t\t\t<img width=\"128\" height=\"128\" src=\"http:\/\/tecno.scriptrj45.com\/wp-content\/uploads\/2020\/12\/e502ba142187448d9f0000c1f8e3694d-e502ba142187448d9f0000c1f8e3694d-3916853f04e640559537bf9f89409858-88e7c.jpg\" class=\"attachment-large size-large\" alt=\"\" loading=\"lazy\" srcset=\"http:\/\/tecno.scriptrj45.com\/wp-content\/uploads\/2020\/12\/e502ba142187448d9f0000c1f8e3694d-e502ba142187448d9f0000c1f8e3694d-3916853f04e640559537bf9f89409858-88e7c.jpg 128w, http:\/\/tecno.scriptrj45.com\/wp-content\/uploads\/2020\/12\/e502ba142187448d9f0000c1f8e3694d-e502ba142187448d9f0000c1f8e3694d-3916853f04e640559537bf9f89409858-88e7c-24x24.jpg 24w, http:\/\/tecno.scriptrj45.com\/wp-content\/uploads\/2020\/12\/e502ba142187448d9f0000c1f8e3694d-e502ba142187448d9f0000c1f8e3694d-3916853f04e640559537bf9f89409858-88e7c-36x36.jpg 36w, http:\/\/tecno.scriptrj45.com\/wp-content\/uploads\/2020\/12\/e502ba142187448d9f0000c1f8e3694d-e502ba142187448d9f0000c1f8e3694d-3916853f04e640559537bf9f89409858-88e7c-48x48.jpg 48w\" sizes=\"(max-width: 128px) 100vw, 128px\" \/>\t\t\t\t\t\t\t\t\t\t\t<\/div>\n\t\t\t\t<\/div>\n\t\t\t\t<\/div>\n\t\t\t\t<div class=\"elementor-element elementor-element-d7822e7 elementor-widget elementor-widget-heading\" data-id=\"d7822e7\" data-element_type=\"widget\" data-widget_type=\"heading.default\">\n\t\t\t\t<div class=\"elementor-widget-container\">\n\t\t\t<h4 class=\"elementor-heading-title elementor-size-default\">\"Barcelona vuelve a empatar\"<\/h4>\t\t<\/div>\n\t\t\t\t<\/div>\n\t\t\t\t<div class=\"elementor-element elementor-element-c279a0f elementor-widget elementor-widget-heading\" data-id=\"c279a0f\" data-element_type=\"widget\" data-widget_type=\"heading.default\">\n\t\t\t\t<div class=\"elementor-widget-container\">\n\t\t\t<h6 class=\"elementor-heading-title elementor-size-default\">El FC Barcelona vuelve a dejar puntos tras empatar 1-1 vs Eibar. Siguen con la sequ\u00eda sin poder ganar.<\/h6>\t\t<\/div>\n\t\t\t\t<\/div>\n\t\t\t\t\t\t<\/div>\n\t\t\t<\/div>\n\t\t<\/div>\n\t\t\t\t<div class=\"elementor-element elementor-element-81351b1 elementor-column elementor-col-33 elementor-top-column\" data-id=\"81351b1\" data-element_type=\"column\">\n\t\t\t<div class=\"elementor-column-wrap  elementor-element-populated\">\n\t\t\t\t\t<div class=\"elementor-widget-wrap\">\n\t\t\t\t<div class=\"elementor-element elementor-element-494f2b0 elementor-widget elementor-widget-image\" data-id=\"494f2b0\" data-element_type=\"widget\" data-widget_type=\"image.default\">\n\t\t\t\t<div class=\"elementor-widget-container\">\n\t\t\t\t\t<div class=\"elementor-image\">\n\t\t\t\t\t\t\t\t\t\t<img width=\"256\" height=\"256\" src=\"http:\/\/tecno.scriptrj45.com\/wp-content\/uploads\/2020\/12\/gignac.png\" class=\"attachment-large size-large\" alt=\"\" loading=\"lazy\" srcset=\"http:\/\/tecno.scriptrj45.com\/wp-content\/uploads\/2020\/12\/gignac.png 256w, http:\/\/tecno.scriptrj45.com\/wp-content\/uploads\/2020\/12\/gignac-150x150.png 150w, http:\/\/tecno.scriptrj45.com\/wp-content\/uploads\/2020\/12\/gignac-24x24.png 24w, http:\/\/tecno.scriptrj45.com\/wp-content\/uploads\/2020\/12\/gignac-36x36.png 36w, http:\/\/tecno.scriptrj45.com\/wp-content\/uploads\/2020\/12\/gignac-48x48.png 48w\" sizes=\"(max-width: 256px) 100vw, 256px\" \/>\t\t\t\t\t\t\t\t\t\t\t<\/div>\n\t\t\t\t<\/div>\n\t\t\t\t<\/div>\n\t\t\t\t<div class=\"elementor-element elementor-element-9c9e071 elementor-widget elementor-widget-heading\" data-id=\"9c9e071\" data-element_type=\"widget\" data-widget_type=\"heading.default\">\n\t\t\t\t<div class=\"elementor-widget-container\">\n\t\t\t<h5 class=\"elementor-heading-title elementor-size-default\">Gignac: Le podr\u00edamos ganar al Bayern Muchen<\/h5>\t\t<\/div>\n\t\t\t\t<\/div>\n\t\t\t\t<div class=\"elementor-element elementor-element-d228f51 elementor-widget elementor-widget-heading\" data-id=\"d228f51\" data-element_type=\"widget\" data-widget_type=\"heading.default\">\n\t\t\t\t<div class=\"elementor-widget-container\">\n\t\t\t<h6 class=\"elementor-heading-title elementor-size-default\">Andr\u00e9-Pierre Gignac habr\u00eda asegurado que podr\u00edan ganarle al campe\u00f3n de Europa el Bayern Muchen.<\/h6>\t\t<\/div>\n\t\t\t\t<\/div>\n\t\t\t\t\t\t<\/div>\n\t\t\t<\/div>\n\t\t<\/div>\n\t\t\t\t\t\t<\/div>\n\t\t\t<\/div>\n\t\t<\/section>\n\t\t\t\t<section class=\"elementor-element elementor-element-a40df97 elementor-section-height-min-height elementor-section-boxed elementor-section-height-default elementor-section-items-middle elementor-section elementor-top-section\" data-id=\"a40df97\" data-element_type=\"section\" data-settings=\"{&quot;background_background&quot;:&quot;classic&quot;,&quot;ekit_has_onepagescroll_dot&quot;:&quot;yes&quot;}\">\n\t\t\t\t\t\t\t<div class=\"elementor-background-overlay\"><\/div>\n\t\t\t\t\t\t\t<div class=\"elementor-container elementor-column-gap-default\">\n\t\t\t\t<div class=\"elementor-row\">\n\t\t\t\t<div class=\"elementor-element elementor-element-2db0b95 elementor-column elementor-col-100 elementor-top-column\" data-id=\"2db0b95\" data-element_type=\"column\">\n\t\t\t<div class=\"elementor-column-wrap  elementor-element-populated\">\n\t\t\t\t\t<div class=\"elementor-widget-wrap\">\n\t\t\t\t<div class=\"elementor-element elementor-element-44e0af9 elementor-widget elementor-widget-heading\" data-id=\"44e0af9\" data-element_type=\"widget\" data-widget_type=\"heading.default\">\n\t\t\t\t<div class=\"elementor-widget-container\">\n\t\t\t<h3 class=\"elementor-heading-title elementor-size-default\">\u00a1El f\u00fatbol es pasi\u00f3n!<\/h3>\t\t<\/div>\n\t\t\t\t<\/div>\n\t\t\t\t<div class=\"elementor-element elementor-element-b6625cf elementor-widget elementor-widget-text-editor\" data-id=\"b6625cf\" data-element_type=\"widget\" data-widget_type=\"text-editor.default\">\n\t\t\t\t<div class=\"elementor-widget-container\">\n\t\t\t\t\t<div class=\"elementor-text-editor elementor-clearfix\"><p>El terreno de juego es rectangular de c\u00e9sped natural o artificial, con una porter\u00eda o arco a cada lado del campo. Se juega mediante una pelota que se debe desplazar a trav\u00e9s del campo con cualquier parte del cuerpo que no sean los brazos o las manos, y mayoritariamente con los pies (de ah\u00ed su nombre). El objetivo es introducirla dentro de la porter\u00eda o arco contrario, acci\u00f3n que se denomina marcar un gol. El equipo que logre m\u00e1s goles al cabo del partido, de una duraci\u00f3n de 90 minutos, es el que resulta ganador del encuentro.<\/p><\/div>\n\t\t\t\t<\/div>\n\t\t\t\t<\/div>\n\t\t\t\t\t\t<\/div>\n\t\t\t<\/div>\n\t\t<\/div>\n\t\t\t\t\t\t<\/div>\n\t\t\t<\/div>\n\t\t<\/section>\n\t\t\t\t\t\t<\/div>\n\t\t\t<\/div>\n\t\t<\/div>\n\t\t","protected":false},"excerpt":{"rendered":"<p>About Us Emergency Call &#8211; 24\/7 +1 910-626-8525 We Are A Group Of Professional Plumbers Click edit button to change this text. Lorem ipsum dolor sit amet, consectetur adipiscing elit. Ut elit tellus, luctus nec ullamcorper mattis, pulvinar dapibus leo. Duis aute irure dolor in reprehenderit in voluptate velit esse cillum dolore eu fugiat nulla &hellip;<\/p>\n<p class=\"read-more\"> <a class=\"\" href=\"https:\/\/websitedemos.net\/plumber-02\/about\/\"> <span class=\"screen-reader-text\">About<\/span> Read More &raquo;<\/a><\/p>\n","protected":false},"author":1,"featured_media":0,"parent":0,"menu_order":0,"comment_status":"closed","ping_status":"closed","template":"elementor_header_footer","meta":[],"_links":{"self":[{"href":"http:\/\/tecno.scriptrj45.com\/index.php\/wp-json\/wp\/v2\/pages\/522"}],"collection":[{"href":"http:\/\/tecno.scriptrj45.com\/index.php\/wp-json\/wp\/v2\/pages"}],"about":[{"href":"http:\/\/tecno.scriptrj45.com\/index.php\/wp-json\/wp\/v2\/types\/page"}],"author":[{"embeddable":true,"href":"http:\/\/tecno.scriptrj45.com\/index.php\/wp-json\/wp\/v2\/users\/1"}],"replies":[{"embeddable":true,"href":"http:\/\/tecno.scriptrj45.com\/index.php\/wp-json\/wp\/v2\/comments?post=522"}],"version-history":[{"count":28,"href":"http:\/\/tecno.scriptrj45.com\/index.php\/wp-json\/wp\/v2\/pages\/522\/revisions"}],"predecessor-version":[{"id":638,"href":"http:\/\/tecno.scriptrj45.com\/index.php\/wp-json\/wp\/v2\/pages\/522\/revisions\/638"}],"wp:attachment":[{"href":"http:\/\/tecno.scriptrj45.com\/index.php\/wp-json\/wp\/v2\/media?parent=522"}],"curies":[{"name":"wp","href":"https:\/\/api.w.org\/{rel}","templated":true}]}}